{"id":33,"date":"2023-03-02T23:00:06","date_gmt":"2023-03-03T02:00:06","guid":{"rendered":"https:\/\/projeto.impulsestrategy.com.br\/?post_type=product&#038;p=33"},"modified":"2023-05-23T17:54:55","modified_gmt":"2023-05-23T20:54:55","slug":"pulseira-pedra","status":"publish","type":"product","link":"https:\/\/projeto.impulsestrategy.com.br\/index.php\/produto\/pulseira-pedra\/","title":{"rendered":"Pulseira Laura"},"content":{"rendered":"<p>Pulseira modelo bracelete em capim dourado, com pedra brasileira natural e ferragens em metal dourado medindo entre 6 cm e 7,5 cm (regulador de 2,5 cm).<\/p>\n<p>Nossa alternativa de material, \u00e0 base de plantas \u00e9 muito leve, de modo que o acess\u00f3rio que brilha como ouro \u00e9 praticamente de peso impercept\u00edvel.<br \/>\nCapim dourado \u00e9 uma planta dourada brasileira com um longo caule dourado que s\u00f3 \u00e9 encontrado no Brasil.<br \/>\nSua principal caracter\u00edstica \u00e9 o brilho natural e a cor dourada, da\u00ed o nome popular &#8220;Capim Dourado&#8221;.<br \/>\n\u00c9 forte, dur\u00e1vel e flex\u00edvel o suficiente para ser tecido como acess\u00f3rio. Tamb\u00e9m \u00e9 muito leve, de modo que as j\u00f3ias que se parecem com ouro praticamente n\u00e3o pesam.<br \/>\nA gest\u00e3o da conserva\u00e7\u00e3o pelo governo brasileiro garante que seja um recurso renov\u00e1vel.<\/p>\n<p>Alta qualidade\u00a0 &#8211;\u00a0 100% artesanal\u00a0 &#8211;\u00a0 Por artes\u00e3os brasileiros<\/p>\n<p>100% <em>Plant Based<\/em>, feito de uma planta rara que tem a apar\u00eancia de ouro fiado e continua a brilhar depois de colhida. Forte, dur\u00e1vel e flex\u00edvel o suficiente para ser usado em acess\u00f3rios.<\/p>\n<p>Naturalmente brilhante<\/p>\n<p><em>Fairtrade<\/em> e ecologicamente correto<\/p>\n<p>Livre de crueldade<\/p>\n<p>Feito de recursos totalmente naturais e renov\u00e1veis<\/p>\n<p>Parte dos lucros dessa pe\u00e7a s\u00e3o destinados para a educa\u00e7\u00e3o das crian\u00e7as do <a href=\"http:\/\/cammbrasil.org\/atividades-angebote\">CAMM \u2013 Centro de Apoio a Meninos e Meninas<\/a>, em Linha do Tiro, Recife \u2013 PE \u2013 Brasil.<\/p>\n<p>&nbsp;<\/p>\n<p>Cuidados com a sua bioj\u00f3ia<\/p>\n<p>Para manter suas j\u00f3ias novas, limpe suavemente com um pano \u00famido, macio e limpo. N\u00e3o mergulhe na \u00e1gua. Evite o contato com sabonetes, detergentes, perfumes ou spray de cabelo.<\/p>\n<p>&nbsp;<\/p>\n<p><strong>Clique em &#8220;adicionar \u00e0 cesta&#8221; e adquira a sua.<\/strong><\/p>\n<p>&nbsp;<\/p>\n<p>&nbsp;<\/p>\n","protected":false},"excerpt":{"rendered":"<p style=\"text-align: center;\">Para encher seus pulsos de for\u00e7a e embelezar ainda mais seus gestos, o bracelete Laura d\u00e1 vida a qualquer composi\u00e7\u00e3o com outras pulseiras e\/ou rel\u00f3gio e tem absoluto destaque no seu look quando usado sozinho ou em pares, em apenas um ou nos dois pulsos.<\/p>\n<p>&nbsp;<\/p>\n","protected":false},"featured_media":1258,"comment_status":"closed","ping_status":"closed","template":"","meta":{"site-sidebar-layout":"default","site-content-layout":"default","ast-global-header-display":"","ast-main-header-display":"","ast-hfb-above-header-display":"","ast-hfb-below-header-display":"","ast-hfb-mobile-header-display":"","site-post-title":"","ast-breadcrumbs-content":"","ast-featured-img":"","footer-sml-layout":"","theme-transparent-header-meta":"default","adv-header-id-meta":"","stick-header-meta":"","header-above-stick-meta":"","header-main-stick-meta":"","header-below-stick-meta":""},"product_cat":[29],"product_tag":[],"_links":{"self":[{"href":"https:\/\/projeto.impulsestrategy.com.br\/index.php\/wp-json\/wp\/v2\/product\/33"}],"collection":[{"href":"https:\/\/projeto.impulsestrategy.com.br\/index.php\/wp-json\/wp\/v2\/product"}],"about":[{"href":"https:\/\/projeto.impulsestrategy.com.br\/index.php\/wp-json\/wp\/v2\/types\/product"}],"replies":[{"embeddable":true,"href":"https:\/\/projeto.impulsestrategy.com.br\/index.php\/wp-json\/wp\/v2\/comments?post=33"}],"wp:featuredmedia":[{"embeddable":true,"href":"https:\/\/projeto.impulsestrategy.com.br\/index.php\/wp-json\/wp\/v2\/media\/1258"}],"wp:attachment":[{"href":"https:\/\/projeto.impulsestrategy.com.br\/index.php\/wp-json\/wp\/v2\/media?parent=33"}],"wp:term":[{"taxonomy":"product_cat","embeddable":true,"href":"https:\/\/projeto.impulsestrategy.com.br\/index.php\/wp-json\/wp\/v2\/product_cat?post=33"},{"taxonomy":"product_tag","embeddable":true,"href":"https:\/\/projeto.impulsestrategy.com.br\/index.php\/wp-json\/wp\/v2\/product_tag?post=33"}],"curies":[{"name":"wp","href":"https:\/\/api.w.org\/{rel}","templated":true}]}}